{"id":168,"date":"2018-06-05T04:15:54","date_gmt":"2018-06-05T07:15:54","guid":{"rendered":"http:\/\/multipurpose.loc\/hotel\/?page_id=168"},"modified":"2022-07-01T00:15:07","modified_gmt":"2022-07-01T03:15:07","slug":"contacto","status":"publish","type":"page","link":"https:\/\/www.eluneycabanas.cl\/combarbala\/contacto\/","title":{"rendered":"Contacto"},"content":{"rendered":"<p>[vc_row shadow_x_offset=&#8221;0&#8243; shadow_y_offset=&#8221;0&#8243; shadow_blur=&#8221;0&#8243; shadow_spread=&#8221;0&#8243; shadow_color=&#8221;&#8221; css=&#8221;.vc_custom_1630381116144{padding-top: 20px !important;}&#8221;][vc_column shadow_x_offset=&#8221;0&#8243; shadow_y_offset=&#8221;0&#8243; shadow_blur=&#8221;0&#8243; shadow_spread=&#8221;0&#8243; offset=&#8221;vc_col-lg-12 vc_col-md-8&#8243;][vc_column_text]El recinto se compone de 2 Caba\u00f1as equipadas para 4 personas cada una, m\u00e1s un sector de Quincho (barbecue). Eluney es ideal para el descanso y la pr\u00e1ctica de deportes como el Trekking, rutas para bicicleta, Running, entre otros.[\/vc_column_text][stm_contact_form_7 form=&#8221;172&#8243;][\/vc_column][\/vc_row][vc_row full_width=&#8221;stretch_row_content_no_spaces&#8221; shadow_x_offset=&#8221;0&#8243; shadow_y_offset=&#8221;0&#8243; shadow_blur=&#8221;0&#8243; shadow_spread=&#8221;0&#8243;][vc_column][vc_single_image image=&#8221;2235&#8243; img_size=&#8221;full&#8221;][\/vc_column][\/vc_row]<\/p>\n","protected":false},"excerpt":{"rendered":"<p>[vc_row shadow_x_offset=&#8221;0&#8243; shadow_y_offset=&#8221;0&#8243; shadow_blur=&#8221;0&#8243; shadow_spread=&#8221;0&#8243; shadow_color=&#8221;&#8221; css=&#8221;.vc_custom_1630381116144{padding-top: 20px !important;}&#8221;][vc_column shadow_x_offset=&#8221;0&#8243; shadow_y_offset=&#8221;0&#8243; shadow_blur=&#8221;0&#8243; shadow_spread=&#8221;0&#8243; offset=&#8221;vc_col-lg-12 vc_col-md-8&#8243;][vc_column_text]El recinto se compone de 2 Caba\u00f1as equipadas para 4 personas cada una, m\u00e1s un sector de Quincho (barbecue). Eluney es ideal para el descanso y la pr\u00e1ctica de deportes como el Trekking, rutas para bicicleta, Running, entre otros.[\/vc_column_text][stm_contact_form_7 form=&#8221;172&#8243;][\/vc_column][\/vc_row][vc_row full_width=&#8221;stretch_row_content_no_spaces&#8221; [&hellip;]<\/p>\n","protected":false},"author":1,"featured_media":0,"parent":0,"menu_order":0,"comment_status":"closed","ping_status":"closed","template":"","meta":{"footnotes":""},"class_list":["post-168","page","type-page","status-publish","hentry"],"_links":{"self":[{"href":"https:\/\/www.eluneycabanas.cl\/combarbala\/wp-json\/wp\/v2\/pages\/168","targetHints":{"allow":["GET"]}}],"collection":[{"href":"https:\/\/www.eluneycabanas.cl\/combarbala\/wp-json\/wp\/v2\/pages"}],"about":[{"href":"https:\/\/www.eluneycabanas.cl\/combarbala\/wp-json\/wp\/v2\/types\/page"}],"author":[{"embeddable":true,"href":"https:\/\/www.eluneycabanas.cl\/combarbala\/wp-json\/wp\/v2\/users\/1"}],"replies":[{"embeddable":true,"href":"https:\/\/www.eluneycabanas.cl\/combarbala\/wp-json\/wp\/v2\/comments?post=168"}],"version-history":[{"count":39,"href":"https:\/\/www.eluneycabanas.cl\/combarbala\/wp-json\/wp\/v2\/pages\/168\/revisions"}],"predecessor-version":[{"id":2236,"href":"https:\/\/www.eluneycabanas.cl\/combarbala\/wp-json\/wp\/v2\/pages\/168\/revisions\/2236"}],"wp:attachment":[{"href":"https:\/\/www.eluneycabanas.cl\/combarbala\/wp-json\/wp\/v2\/media?parent=168"}],"curies":[{"name":"wp","href":"https:\/\/api.w.org\/{rel}","templated":true}]}}